{"id":1389,"date":"2026-02-25T18:23:03","date_gmt":"2026-02-25T21:23:03","guid":{"rendered":"https:\/\/arestostudiodigital.com.br\/?page_id=1389"},"modified":"2026-02-25T20:10:01","modified_gmt":"2026-02-25T23:10:01","slug":"teste-js-pharo","status":"publish","type":"page","link":"https:\/\/arestostudiodigital.com.br\/index.php\/teste-js-pharo\/","title":{"rendered":"Teste JS &#8211; Pharo"},"content":{"rendered":"\t\t<div data-elementor-type=\"wp-page\" data-elementor-id=\"1389\" class=\"elementor elementor-1389\" data-elementor-settings=\"{&quot;ha_cmc_init_switcher&quot;:&quot;no&quot;}\" data-elementor-post-type=\"page\">\n\t\t\t\t<div class=\"elementor-element elementor-element-4277788 e-flex e-con-boxed e-con e-parent\" data-id=\"4277788\" data-element_type=\"container\" data-e-type=\"container\">\n\t\t\t\t\t<div class=\"e-con-inner\">\n\t\t\t\t<div class=\"elementor-element elementor-element-0300989 elementor-widget elementor-widget-heading\" data-id=\"0300989\" data-element_type=\"widget\" data-e-type=\"widget\" data-widget_type=\"heading.default\">\n\t\t\t\t\t<h2 class=\"elementor-heading-title elementor-size-default\">Teste do efeito do <span class=\"mcv\">CARALHO<\/span><\/h2>\t\t\t\t<\/div>\n\t\t\t\t\t<\/div>\n\t\t\t\t<\/div>\n\t\t<div class=\"elementor-element elementor-element-11ef82e e-con-full tca-stacking-card-area e-flex e-con e-parent\" data-id=\"11ef82e\" data-element_type=\"container\" data-e-type=\"container\">\n\t\t<div class=\"elementor-element elementor-element-cb15905 e-flex e-con-boxed e-con e-child\" data-id=\"cb15905\" data-element_type=\"container\" data-e-type=\"container\">\n\t\t\t\t\t<div class=\"e-con-inner\">\n\t\t<div class=\"elementor-element elementor-element-c389df1 e-con-full e-flex e-con e-child\" data-id=\"c389df1\" data-element_type=\"container\" data-e-type=\"container\">\n\t\t\t\t<div class=\"elementor-element elementor-element-066cf9f elementor-widget elementor-widget-heading\" data-id=\"066cf9f\" data-element_type=\"widget\" data-e-type=\"widget\" data-widget_type=\"heading.default\">\n\t\t\t\t\t<h2 class=\"elementor-heading-title elementor-size-default\">Exatamente como na porra do <span class=\"mcv\"> tutorial<\/h2>\t\t\t\t<\/div>\n\t\t\t\t<div class=\"elementor-element elementor-element-9ae8f32 elementor-widget elementor-widget-text-editor\" data-id=\"9ae8f32\" data-element_type=\"widget\" data-e-type=\"widget\" data-widget_type=\"text-editor.default\">\n\t\t\t\t\t\t\t\t\t<p>Ta foda para caralho meus amigos. Foi um dia inteiro depurando esse e outros c\u00f3digos parecidos.<\/p>\t\t\t\t\t\t\t\t<\/div>\n\t\t\t\t<div class=\"elementor-element elementor-element-28eacb8 elementor-widget elementor-widget-button\" data-id=\"28eacb8\" data-element_type=\"widget\" data-e-type=\"widget\" data-widget_type=\"button.default\">\n\t\t\t\t\t\t\t\t\t\t<a class=\"elementor-button elementor-button-link elementor-size-sm\" href=\"#\">\n\t\t\t\t\t\t<span class=\"elementor-button-content-wrapper\">\n\t\t\t\t\t\t\t\t\t<span class=\"elementor-button-text\">Clique aqui<\/span>\n\t\t\t\t\t<\/span>\n\t\t\t\t\t<\/a>\n\t\t\t\t\t\t\t\t<\/div>\n\t\t\t\t<\/div>\n\t\t<div class=\"elementor-element elementor-element-43ed19e e-con-full tca-stacked-cards e-flex e-con e-child\" data-id=\"43ed19e\" data-element_type=\"container\" data-e-type=\"container\">\n\t\t<div class=\"elementor-element elementor-element-3d4d133 e-con-full e-flex e-con e-child\" data-id=\"3d4d133\" data-element_type=\"container\" data-e-type=\"container\" data-settings=\"{&quot;background_background&quot;:&quot;classic&quot;,&quot;position&quot;:&quot;absolute&quot;}\">\n\t\t\t\t<div class=\"elementor-element elementor-element-ffcc09b elementor-widget elementor-widget-heading\" data-id=\"ffcc09b\" data-element_type=\"widget\" data-e-type=\"widget\" data-widget_type=\"heading.default\">\n\t\t\t\t\t<h2 class=\"elementor-heading-title elementor-size-default\">Teste<\/h2>\t\t\t\t<\/div>\n\t\t\t\t<div class=\"elementor-element elementor-element-b41daa5 elementor-widget elementor-widget-heading\" data-id=\"b41daa5\" data-element_type=\"widget\" data-e-type=\"widget\" data-widget_type=\"heading.default\">\n\t\t\t\t\t<h2 class=\"elementor-heading-title elementor-size-default\">Teste teste teste Teste teste teste Teste teste teste Teste teste teste Teste teste teste Teste teste teste Teste teste teste Teste teste teste Teste teste testeTeste teste teste <\/h2>\t\t\t\t<\/div>\n\t\t\t\t<\/div>\n\t\t<div class=\"elementor-element elementor-element-cff7948 e-con-full e-flex e-con e-child\" data-id=\"cff7948\" data-element_type=\"container\" data-e-type=\"container\" data-settings=\"{&quot;background_background&quot;:&quot;classic&quot;,&quot;position&quot;:&quot;absolute&quot;}\">\n\t\t\t\t<div class=\"elementor-element elementor-element-52f5827 elementor-widget elementor-widget-heading\" data-id=\"52f5827\" data-element_type=\"widget\" data-e-type=\"widget\" data-widget_type=\"heading.default\">\n\t\t\t\t\t<h2 class=\"elementor-heading-title elementor-size-default\">Teste<\/h2>\t\t\t\t<\/div>\n\t\t\t\t<div class=\"elementor-element elementor-element-0abe832 elementor-widget elementor-widget-heading\" data-id=\"0abe832\" data-element_type=\"widget\" data-e-type=\"widget\" data-widget_type=\"heading.default\">\n\t\t\t\t\t<h2 class=\"elementor-heading-title elementor-size-default\">Teste teste teste Teste teste teste Teste teste teste Teste teste teste Teste teste teste Teste teste teste Teste teste teste Teste teste teste Teste teste testeTeste teste teste <\/h2>\t\t\t\t<\/div>\n\t\t\t\t<\/div>\n\t\t<div class=\"elementor-element elementor-element-f96159d e-con-full e-flex e-con e-child\" data-id=\"f96159d\" data-element_type=\"container\" data-e-type=\"container\" data-settings=\"{&quot;background_background&quot;:&quot;classic&quot;,&quot;position&quot;:&quot;absolute&quot;}\">\n\t\t\t\t<div class=\"elementor-element elementor-element-5b56bb7 elementor-widget elementor-widget-heading\" data-id=\"5b56bb7\" data-element_type=\"widget\" data-e-type=\"widget\" data-widget_type=\"heading.default\">\n\t\t\t\t\t<h2 class=\"elementor-heading-title elementor-size-default\">Teste<\/h2>\t\t\t\t<\/div>\n\t\t\t\t<div class=\"elementor-element elementor-element-da964ef elementor-widget elementor-widget-heading\" data-id=\"da964ef\" data-element_type=\"widget\" data-e-type=\"widget\" data-widget_type=\"heading.default\">\n\t\t\t\t\t<h2 class=\"elementor-heading-title elementor-size-default\">Teste teste teste Teste teste teste Teste teste teste Teste teste teste Teste teste teste Teste teste teste Teste teste teste Teste teste teste Teste teste testeTeste teste teste <\/h2>\t\t\t\t<\/div>\n\t\t\t\t<\/div>\n\t\t<div class=\"elementor-element elementor-element-3777335 e-con-full e-flex e-con e-child\" data-id=\"3777335\" data-element_type=\"container\" data-e-type=\"container\" data-settings=\"{&quot;background_background&quot;:&quot;classic&quot;,&quot;position&quot;:&quot;absolute&quot;}\">\n\t\t\t\t<div class=\"elementor-element elementor-element-5f1ae45 elementor-widget elementor-widget-heading\" data-id=\"5f1ae45\" data-element_type=\"widget\" data-e-type=\"widget\" data-widget_type=\"heading.default\">\n\t\t\t\t\t<h2 class=\"elementor-heading-title elementor-size-default\">teste<\/h2>\t\t\t\t<\/div>\n\t\t\t\t<div class=\"elementor-element elementor-element-acdcbeb elementor-widget elementor-widget-heading\" data-id=\"acdcbeb\" data-element_type=\"widget\" data-e-type=\"widget\" data-widget_type=\"heading.default\">\n\t\t\t\t\t<h2 class=\"elementor-heading-title elementor-size-default\">Teste teste teste Teste teste teste Teste teste teste Teste teste teste Teste teste teste Teste teste teste Teste teste teste Teste teste teste Teste teste testeTeste teste teste <\/h2>\t\t\t\t<\/div>\n\t\t\t\t<\/div>\n\t\t\t\t<\/div>\n\t\t\t\t\t<\/div>\n\t\t\t\t<\/div>\n\t\t\t\t<\/div>\n\t\t<div class=\"elementor-element elementor-element-90e9ad8 e-flex e-con-boxed e-con e-parent\" data-id=\"90e9ad8\" data-element_type=\"container\" data-e-type=\"container\">\n\t\t\t\t\t<div class=\"e-con-inner\">\n\t\t\t\t<div class=\"elementor-element elementor-element-65d3256 elementor-widget elementor-widget-heading\" data-id=\"65d3256\" data-element_type=\"widget\" data-e-type=\"widget\" data-widget_type=\"heading.default\">\n\t\t\t\t\t<h2 class=\"elementor-heading-title elementor-size-default\">Texte de Scroll com intera\u00e7\u00e3o do c\u00f3digo do Indiado filha da puta.<\/h2>\t\t\t\t<\/div>\n\t\t\t\t\t<\/div>\n\t\t\t\t<\/div>\n\t\t\t\t<\/div>\n\t\t","protected":false},"excerpt":{"rendered":"<p>Teste do efeito do CARALHO Exatamente como na porra do tutorial Ta foda para caralho meus amigos. Foi um dia inteiro depurando esse e outros c\u00f3digos parecidos. Clique aqui Teste Teste teste teste Teste teste teste Teste teste teste Teste teste teste Teste teste teste Teste teste teste Teste teste teste Teste teste teste Teste [&hellip;]<\/p>\n","protected":false},"author":1,"featured_media":0,"parent":0,"menu_order":0,"comment_status":"closed","ping_status":"closed","template":"elementor_canvas","meta":{"footnotes":""},"class_list":["post-1389","page","type-page","status-publish","hentry"],"_links":{"self":[{"href":"https:\/\/arestostudiodigital.com.br\/index.php\/wp-json\/wp\/v2\/pages\/1389","targetHints":{"allow":["GET"]}}],"collection":[{"href":"https:\/\/arestostudiodigital.com.br\/index.php\/wp-json\/wp\/v2\/pages"}],"about":[{"href":"https:\/\/arestostudiodigital.com.br\/index.php\/wp-json\/wp\/v2\/types\/page"}],"author":[{"embeddable":true,"href":"https:\/\/arestostudiodigital.com.br\/index.php\/wp-json\/wp\/v2\/users\/1"}],"replies":[{"embeddable":true,"href":"https:\/\/arestostudiodigital.com.br\/index.php\/wp-json\/wp\/v2\/comments?post=1389"}],"version-history":[{"count":112,"href":"https:\/\/arestostudiodigital.com.br\/index.php\/wp-json\/wp\/v2\/pages\/1389\/revisions"}],"predecessor-version":[{"id":1508,"href":"https:\/\/arestostudiodigital.com.br\/index.php\/wp-json\/wp\/v2\/pages\/1389\/revisions\/1508"}],"wp:attachment":[{"href":"https:\/\/arestostudiodigital.com.br\/index.php\/wp-json\/wp\/v2\/media?parent=1389"}],"curies":[{"name":"wp","href":"https:\/\/api.w.org\/{rel}","templated":true}]}}